{"id":1260,"date":"2022-11-09T14:20:31","date_gmt":"2022-11-09T14:20:31","guid":{"rendered":"https:\/\/rockandclick.com\/legal\/"},"modified":"2022-11-09T14:20:31","modified_gmt":"2022-11-09T14:20:31","slug":"legal","status":"publish","type":"page","link":"https:\/\/rockandclick.com\/en\/legal\/","title":{"rendered":"Legal"},"content":{"rendered":"\t\t<div data-elementor-type=\"wp-page\" data-elementor-id=\"1260\" class=\"elementor elementor-1260 elementor-2\" data-elementor-post-type=\"page\">\n\t\t\t\t\t\t<section class=\"elementor-section elementor-top-section elementor-element elementor-element-165c32e7 elementor-section-boxed elementor-section-height-default elementor-section-height-default\" data-id=\"165c32e7\" data-element_type=\"section\">\n\t\t\t\t\t\t<div class=\"elementor-container elementor-column-gap-default\">\n\t\t\t\t\t<div class=\"elementor-column elementor-col-100 elementor-top-column elementor-element elementor-element-59a04e46\" data-id=\"59a04e46\" data-element_type=\"column\">\n\t\t\t<div class=\"elementor-widget-wrap elementor-element-populated\">\n\t\t\t\t\t\t<div class=\"elementor-element elementor-element-654ce6b6 elementor-widget elementor-widget-text-editor\" data-id=\"654ce6b6\" data-element_type=\"widget\" data-widget_type=\"text-editor.default\">\n\t\t\t\t<div class=\"elementor-widget-container\">\n\t\t\t\t\t\t\t\t\t<h1>Aviso Legal<\/h1><p><br \/>Est\u00e1s en un espacio comprometido con los derechos de sus usuarios y por esta raz\u00f3n, tendr\u00e1s m\u00e1xima transparencia y rigor sobre todo que necesitas saber sobre esta web.<\/p><p>Esta web cumple rigurosamente con la Ley Org\u00e1nica 3\/2018, de 5 de diciembre, de Protecci\u00f3n de Datos Personales y garant\u00eda de los derechos digitales (LOPDGDD). Cumple tambi\u00e9n con el Reglamento (UE) 2016\/679 del Parlamento Europeo y del Consejo de 27 de abril de 2016 relativo a la protecci\u00f3n de las personas f\u00edsicas (RGPD), as\u00ed como con la Ley 34\/2002, de 11 de julio, de Servicios de la Sociedad de la Informaci\u00f3n y Comercio Electr\u00f3nico (LSSICE o LSSI).<\/p><p>Los servicios y\/o productos est\u00e1n disponibles s\u00f3lo para las personas jur\u00eddicas y las personas que tengan 16 a\u00f1os.<\/p><h2>Identificador del responsable de la web<\/h2><ul><li><strong>Denominaci\u00f3n social:\u00a0<\/strong>David Jornet Ramis<span style=\"color: var( --e-global-color-primary ); font-style: inherit; font-weight: inherit;\">\u00a0<\/span><\/li><li><strong>NIF:\u00a0<\/strong>21.672.175B<\/li><li><strong>Correo electr\u00f3nico:\u00a0<\/strong>info@rockandclick.com<\/li><li><strong>Domicilio social:\u00a0<\/strong>Cami Estacio Nord 41, CP: 03802 , Cocentaina, Alicante<\/li><li><strong>Su actividad social es:\u00a0<\/strong>Servicios de marketing digital, afiliaci\u00f3n y negocios online<\/li><\/ul>\t\t\t\t\t\t\t\t<\/div>\n\t\t\t\t<\/div>\n\t\t\t\t<div class=\"elementor-element elementor-element-5a5877ca elementor-widget elementor-widget-text-editor\" data-id=\"5a5877ca\" data-element_type=\"widget\" data-widget_type=\"text-editor.default\">\n\t\t\t\t<div class=\"elementor-widget-container\">\n\t\t\t\t\t\t\t\t\t<h2>\u00bfTe preocupan tus datos personales?<\/h2><p>Lee la <a href=\"https:\/\/rockandclick.com\/politica-privacidad\/\">Pol\u00edtica de Privacidad<\/a>.\u00a0<\/p><h2>Compromisos y obligaciones de los usuarios<\/h2><p>El usuario queda informado, y acepta, que el acceso a la presente web no supone, en modo alguno, el inicio de una relaci\u00f3n comercial con Rock and Click . De esta forma, el usuario se compromete a utilizar el sitio web, sus servicios y contenidos sin contravenir la legislaci\u00f3n vigente, la buena fe y el orden p\u00fablico.<\/p><p>Queda prohibido el uso de la web, con fines il\u00edcitos o lesivos, o que, de cualquier forma, puedan causar perjuicio o impedir el normal funcionamiento del sitio web. Respecto de los contenidos de esta web, se proh\u00edbe:<\/p><ul><li>Su reproducci\u00f3n, distribuci\u00f3n o modificaci\u00f3n, total o parcial, a menos que se cuente con mi autorizaci\u00f3n como leg\u00edtimo titular.<\/li><li>Cualquier vulneraci\u00f3n de los derechos del prestador o de mi como leg\u00edtimo titular.<\/li><li>Su utilizaci\u00f3n para fines comerciales o publicitarios.<\/li><\/ul><p>En la utilizaci\u00f3n de la web rockandclick.com\u00a0\u00a0el usuario se compromete a no llevar a cabo ninguna conducta que pudiera da\u00f1ar la imagen, los intereses y los derechos de Rock and Click \u00a0o de terceros, o que pudiera da\u00f1ar, inutilizar o sobrecargar el portal rockandclick.com, o que impidiera, de cualquier forma, la normal utilizaci\u00f3n de la web.<\/p><p>No obstante, el usuario debe ser consciente de que las medidas de seguridad de los sistemas inform\u00e1ticos en Internet no son enteramente fiables y que, por tanto, rockandclick.com\u00a0no puede garantizar la inexistencia de malware u otros elementos que puedan producir alteraciones en los sistemas inform\u00e1ticos (software y hardware) del usuario o en sus documentos electr\u00f3nicos y ficheros contenidos en los mismos, aunque pongo todos los medios necesarios y las medidas de seguridad oportunas para evitar la presencia de estos elementos da\u00f1inos.<\/p><h2>Medidas de seguridad<\/h2><p>Los datos personales comunicados por el usuario a Rock and Click \u00a0pueden ser almacenados en bases de datos automatizadas o no, cuya titularidad corresponde en exclusiva a David Jornet Ramis, asumiendo \u00e9sta todas las medidas de \u00edndole t\u00e9cnica, organizativa y de seguridad que garantizan la confidencialidad, integridad y calidad de la informaci\u00f3n contenida en las mismas de acuerdo con lo establecido en la normativa vigente en protecci\u00f3n de datos.<\/p><p>La comunicaci\u00f3n entre los usuarios y rockandclick.com utiliza un canal seguro, y los datos transmitidos son cifrados gracias al protocolo https, por tanto, dispongo las mejores condiciones de seguridad para que la confidencialidad de los usuarios est\u00e9 garantizada.<\/p><h2>Plataforma de resoluci\u00f3n de conflictos<\/h2><p>Pongo tambi\u00e9n a disposici\u00f3n de los usuarios la plataforma de resoluci\u00f3n de litigios que facilita la Comisi\u00f3n Europea y que se encuentra disponible en el siguiente enlace: <a href=\"http:\/\/ec.europa.eu\/consumers\/odr\/\">http:\/\/ec.europa.eu\/consumers\/odr\/<\/a>\u00a0<\/p><p><span style=\"color: var( --e-global-color-18b2dc1 ); font-size: 28px;\">Enlaces externos<\/span><\/p><p>Las p\u00e1ginas de la web rockandclick.com proporcionan enlaces a otros sitios web propios y contenidos que son propiedad de terceros tales como:<\/p><ul><li>Google<\/li><li>El Pa\u00eds<\/li><li>El Mundo<\/li><li>Wikipedia<\/li><\/ul><p>El \u00fanico objeto de los enlaces es proporcionar al usuario la posibilidad de acceder a dichos enlaces.<\/p><p><span style=\"color: var( --e-global-color-primary );\">Rock and Click <\/span>\u00a0no se responsabiliza en ning\u00fan caso de los resultados que puedan derivarse al usuario por acceso a dichos enlaces.<\/p><p>Asimismo, el usuario encontrar\u00e1 dentro de este sitio, p\u00e1ginas, promociones, programas de afiliados que acceden a los h\u00e1bitos de navegaci\u00f3n de los usuarios para establecer perfiles. Esta informaci\u00f3n siempre es an\u00f3nima y no se identifica al usuario.<\/p><p>La informaci\u00f3n que se proporcione en estos sitios patrocinados o enlaces de afiliados <strong>est\u00e1 sujeta a las pol\u00edticas de privacidad que se utilicen en dichos sitios<\/strong> y no estar\u00e1 sujeta a nuestra Pol\u00edtica de Privacidad. Por lo que recomiendo ampliamente a los usuarios revisar detalladamente las pol\u00edticas de privacidad de los enlaces de afiliados.<\/p><h2>Exclusi\u00f3n de garant\u00edas y responsable<\/h2><p><span style=\"color: var( --e-global-color-primary );\">Rock and Click <\/span>\u00a0no otorga ninguna garant\u00eda ni se hace responsable, en ning\u00fan caso, de los da\u00f1os y perjuicios de cualquier naturaleza que pudieran traer causa de:<\/p><ul><li>La falta de disponibilidad, mantenimiento y efectivo funcionamiento de la web, o de sus servicios y contenidos.<\/li><li>La existencia de malware, programas maliciosos o lesivos en los contenidos.<\/li><li>El uso il\u00edcito, negligente, fraudulento o contrario a este Aviso Legal.<\/li><li>La falta de licitud, calidad, fiabilidad, utilidad y disponibilidad de los servicios prestados por terceros y puestos a disposici\u00f3n de los usuarios en el sitio web.<\/li><li>El prestador no se hace responsable bajo ning\u00fan concepto de los da\u00f1os que pudieran dimanar del uso ilegal o indebido de la presente p\u00e1gina web.<\/li><\/ul><h2>Ley aplicable y jurisdicci\u00f3n<\/h2><p>Con car\u00e1cter general las relaciones entre Rock and Click \u00a0y los usuarios de sus servicios telem\u00e1ticos presentes en esta web, se encuentran sometidas a la legislaci\u00f3n y jurisdicci\u00f3n espa\u00f1olas y a los tribunales de La Rioja.<\/p><p>En caso de que cualquier usuario tuviese alguna duda acerca de las condiciones de este Aviso Legal o cualquier comentario sobre el portal rockandclick.com, por favor dir\u00edjase a info@rockandclick.com.<\/p><p>El Aviso Legal ha sido actualizado por \u00faltima vez el [current_date].<\/p>\t\t\t\t\t\t\t\t<\/div>\n\t\t\t\t<\/div>\n\t\t\t\t\t<\/div>\n\t\t<\/div>\n\t\t\t\t\t<\/div>\n\t\t<\/section>\n\t\t\t\t<\/div>\n\t\t","protected":false},"excerpt":{"rendered":"<p>Legal You are in a space committed to the rights of its users and for this reason, you will have maximum transparency and rigor about everything you need to know [&hellip;]<\/p>\n","protected":false},"author":1,"featured_media":0,"parent":0,"menu_order":0,"comment_status":"closed","ping_status":"closed","template":"elementor_header_footer","meta":{"site-sidebar-layout":"no-sidebar","site-content-layout":"page-builder","ast-site-content-layout":"default","site-content-style":"default","site-sidebar-style":"default","ast-global-header-display":"","ast-banner-title-visibility":"","ast-main-header-display":"","ast-hfb-above-header-display":"","ast-hfb-below-header-display":"","ast-hfb-mobile-header-display":"","site-post-title":"disabled","ast-breadcrumbs-content":"","ast-featured-img":"disabled","footer-sml-layout":"","ast-disable-related-posts":"","theme-transparent-header-meta":"default","adv-header-id-meta":"","stick-header-meta":"","header-above-stick-meta":"","header-main-stick-meta":"","header-below-stick-meta":"","astra-migrate-meta-layouts":"default","ast-page-background-enabled":"default","ast-page-background-meta":{"desktop":{"background-color":"var(--ast-global-color-4)","background-image":"","background-repeat":"repeat","background-position":"center center","background-size":"auto","background-attachment":"scroll","background-type":"","background-media":"","overlay-type":"","overlay-color":"","overlay-opacity":"","overlay-gradient":""},"tablet":{"background-color":"","background-image":"","background-repeat":"repeat","background-position":"center center","background-size":"auto","background-attachment":"scroll","background-type":"","background-media":"","overlay-type":"","overlay-color":"","overlay-opacity":"","overlay-gradient":""},"mobile":{"background-color":"","background-image":"","background-repeat":"repeat","background-position":"center center","background-size":"auto","background-attachment":"scroll","background-type":"","background-media":"","overlay-type":"","overlay-color":"","overlay-opacity":"","overlay-gradient":""}},"ast-content-background-meta":{"desktop":{"background-color":"var(--ast-global-color-5)","background-image":"","background-repeat":"repeat","background-position":"center center","background-size":"auto","background-attachment":"scroll","background-type":"","background-media":"","overlay-type":"","overlay-color":"","overlay-opacity":"","overlay-gradient":""},"tablet":{"background-color":"var(--ast-global-color-5)","background-image":"","background-repeat":"repeat","background-position":"center center","background-size":"auto","background-attachment":"scroll","background-type":"","background-media":"","overlay-type":"","overlay-color":"","overlay-opacity":"","overlay-gradient":""},"mobile":{"background-color":"var(--ast-global-color-5)","background-image":"","background-repeat":"repeat","background-position":"center center","background-size":"auto","background-attachment":"scroll","background-type":"","background-media":"","overlay-type":"","overlay-color":"","overlay-opacity":"","overlay-gradient":""}},"footnotes":""},"class_list":["post-1260","page","type-page","status-publish","hentry"],"yoast_head":"<!-- This site is optimized with the Yoast SEO plugin v26.8 - https:\/\/yoast.com\/product\/yoast-seo-wordpress\/ -->\n<title>Legal - Rock &amp; Click<\/title>\n<meta name=\"robots\" content=\"noindex, follow\" \/>\n<meta property=\"og:locale\" content=\"en_US\" \/>\n<meta property=\"og:type\" content=\"article\" \/>\n<meta property=\"og:title\" content=\"Legal - Rock &amp; Click\" \/>\n<meta property=\"og:description\" content=\"Legal You are in a space committed to the rights of its users and for this reason, you will have maximum transparency and rigor about everything you need to know [&hellip;]\" \/>\n<meta property=\"og:url\" content=\"https:\/\/rockandclick.com\/en\/legal\/\" \/>\n<meta property=\"og:site_name\" content=\"Rock &amp; Click\" \/>\n<meta name=\"twitter:card\" content=\"summary_large_image\" \/>\n<meta name=\"twitter:label1\" content=\"Est. reading time\" \/>\n\t<meta name=\"twitter:data1\" content=\"5 minutes\" \/>\n<script type=\"application\/ld+json\" class=\"yoast-schema-graph\">{\"@context\":\"https:\/\/schema.org\",\"@graph\":[{\"@type\":\"WebPage\",\"@id\":\"https:\/\/rockandclick.com\/en\/legal\/\",\"url\":\"https:\/\/rockandclick.com\/en\/legal\/\",\"name\":\"Legal - Rock &amp; Click\",\"isPartOf\":{\"@id\":\"https:\/\/rockandclick.com\/en\/#website\"},\"datePublished\":\"2022-11-09T14:20:31+00:00\",\"breadcrumb\":{\"@id\":\"https:\/\/rockandclick.com\/en\/legal\/#breadcrumb\"},\"inLanguage\":\"en-US\",\"potentialAction\":[{\"@type\":\"ReadAction\",\"target\":[\"https:\/\/rockandclick.com\/en\/legal\/\"]}]},{\"@type\":\"BreadcrumbList\",\"@id\":\"https:\/\/rockandclick.com\/en\/legal\/#breadcrumb\",\"itemListElement\":[{\"@type\":\"ListItem\",\"position\":1,\"name\":\"Portada\",\"item\":\"https:\/\/rockandclick.com\/en\/\"},{\"@type\":\"ListItem\",\"position\":2,\"name\":\"Legal\"}]},{\"@type\":\"WebSite\",\"@id\":\"https:\/\/rockandclick.com\/en\/#website\",\"url\":\"https:\/\/rockandclick.com\/en\/\",\"name\":\"Rock &amp; Click\",\"description\":\"Rock &amp; Click\",\"publisher\":{\"@id\":\"https:\/\/rockandclick.com\/en\/#organization\"},\"potentialAction\":[{\"@type\":\"SearchAction\",\"target\":{\"@type\":\"EntryPoint\",\"urlTemplate\":\"https:\/\/rockandclick.com\/en\/?s={search_term_string}\"},\"query-input\":{\"@type\":\"PropertyValueSpecification\",\"valueRequired\":true,\"valueName\":\"search_term_string\"}}],\"inLanguage\":\"en-US\"},{\"@type\":\"Organization\",\"@id\":\"https:\/\/rockandclick.com\/en\/#organization\",\"name\":\"Rock &amp; Click\",\"url\":\"https:\/\/rockandclick.com\/en\/\",\"logo\":{\"@type\":\"ImageObject\",\"inLanguage\":\"en-US\",\"@id\":\"https:\/\/rockandclick.com\/en\/#\/schema\/logo\/image\/\",\"url\":\"https:\/\/rockandclick.com\/wp-content\/uploads\/2025\/11\/logo_sinfondo_rock-scaled.png\",\"contentUrl\":\"https:\/\/rockandclick.com\/wp-content\/uploads\/2025\/11\/logo_sinfondo_rock-scaled.png\",\"width\":2560,\"height\":554,\"caption\":\"Rock &amp; Click\"},\"image\":{\"@id\":\"https:\/\/rockandclick.com\/en\/#\/schema\/logo\/image\/\"}}]}<\/script>\n<!-- \/ Yoast SEO plugin. -->","yoast_head_json":{"title":"Legal - Rock &amp; Click","robots":{"index":"noindex","follow":"follow"},"og_locale":"en_US","og_type":"article","og_title":"Legal - Rock &amp; Click","og_description":"Legal You are in a space committed to the rights of its users and for this reason, you will have maximum transparency and rigor about everything you need to know [&hellip;]","og_url":"https:\/\/rockandclick.com\/en\/legal\/","og_site_name":"Rock &amp; Click","twitter_card":"summary_large_image","twitter_misc":{"Est. reading time":"5 minutes"},"schema":{"@context":"https:\/\/schema.org","@graph":[{"@type":"WebPage","@id":"https:\/\/rockandclick.com\/en\/legal\/","url":"https:\/\/rockandclick.com\/en\/legal\/","name":"Legal - Rock &amp; Click","isPartOf":{"@id":"https:\/\/rockandclick.com\/en\/#website"},"datePublished":"2022-11-09T14:20:31+00:00","breadcrumb":{"@id":"https:\/\/rockandclick.com\/en\/legal\/#breadcrumb"},"inLanguage":"en-US","potentialAction":[{"@type":"ReadAction","target":["https:\/\/rockandclick.com\/en\/legal\/"]}]},{"@type":"BreadcrumbList","@id":"https:\/\/rockandclick.com\/en\/legal\/#breadcrumb","itemListElement":[{"@type":"ListItem","position":1,"name":"Portada","item":"https:\/\/rockandclick.com\/en\/"},{"@type":"ListItem","position":2,"name":"Legal"}]},{"@type":"WebSite","@id":"https:\/\/rockandclick.com\/en\/#website","url":"https:\/\/rockandclick.com\/en\/","name":"Rock &amp; Click","description":"Rock &amp; Click","publisher":{"@id":"https:\/\/rockandclick.com\/en\/#organization"},"potentialAction":[{"@type":"SearchAction","target":{"@type":"EntryPoint","urlTemplate":"https:\/\/rockandclick.com\/en\/?s={search_term_string}"},"query-input":{"@type":"PropertyValueSpecification","valueRequired":true,"valueName":"search_term_string"}}],"inLanguage":"en-US"},{"@type":"Organization","@id":"https:\/\/rockandclick.com\/en\/#organization","name":"Rock &amp; Click","url":"https:\/\/rockandclick.com\/en\/","logo":{"@type":"ImageObject","inLanguage":"en-US","@id":"https:\/\/rockandclick.com\/en\/#\/schema\/logo\/image\/","url":"https:\/\/rockandclick.com\/wp-content\/uploads\/2025\/11\/logo_sinfondo_rock-scaled.png","contentUrl":"https:\/\/rockandclick.com\/wp-content\/uploads\/2025\/11\/logo_sinfondo_rock-scaled.png","width":2560,"height":554,"caption":"Rock &amp; Click"},"image":{"@id":"https:\/\/rockandclick.com\/en\/#\/schema\/logo\/image\/"}}]}},"_links":{"self":[{"href":"https:\/\/rockandclick.com\/en\/wp-json\/wp\/v2\/pages\/1260","targetHints":{"allow":["GET"]}}],"collection":[{"href":"https:\/\/rockandclick.com\/en\/wp-json\/wp\/v2\/pages"}],"about":[{"href":"https:\/\/rockandclick.com\/en\/wp-json\/wp\/v2\/types\/page"}],"author":[{"embeddable":true,"href":"https:\/\/rockandclick.com\/en\/wp-json\/wp\/v2\/users\/1"}],"replies":[{"embeddable":true,"href":"https:\/\/rockandclick.com\/en\/wp-json\/wp\/v2\/comments?post=1260"}],"version-history":[{"count":0,"href":"https:\/\/rockandclick.com\/en\/wp-json\/wp\/v2\/pages\/1260\/revisions"}],"wp:attachment":[{"href":"https:\/\/rockandclick.com\/en\/wp-json\/wp\/v2\/media?parent=1260"}],"curies":[{"name":"wp","href":"https:\/\/api.w.org\/{rel}","templated":true}]}}