{"id":1257,"date":"2022-11-09T14:33:15","date_gmt":"2022-11-09T14:33:15","guid":{"rendered":"https:\/\/rockandclick.com\/cookie-policy\/"},"modified":"2022-11-09T14:33:15","modified_gmt":"2022-11-09T14:33:15","slug":"cookie-policy","status":"publish","type":"page","link":"https:\/\/rockandclick.com\/en\/cookie-policy\/","title":{"rendered":"Cookie Policy"},"content":{"rendered":"\t\t<div data-elementor-type=\"wp-page\" data-elementor-id=\"1257\" class=\"elementor elementor-1257 elementor-12\" data-elementor-post-type=\"page\">\n\t\t\t\t\t\t<section class=\"elementor-section elementor-top-section elementor-element elementor-element-71cc99da elementor-section-boxed elementor-section-height-default elementor-section-height-default\" data-id=\"71cc99da\" data-element_type=\"section\">\n\t\t\t\t\t\t<div class=\"elementor-container elementor-column-gap-default\">\n\t\t\t\t\t<div class=\"elementor-column elementor-col-100 elementor-top-column elementor-element elementor-element-7657e38c\" data-id=\"7657e38c\" data-element_type=\"column\">\n\t\t\t<div class=\"elementor-widget-wrap elementor-element-populated\">\n\t\t\t\t\t\t<div class=\"elementor-element elementor-element-1d5f3ba elementor-widget elementor-widget-text-editor\" data-id=\"1d5f3ba\" data-element_type=\"widget\" data-widget_type=\"text-editor.default\">\n\t\t\t\t<div class=\"elementor-widget-container\">\n\t\t\t\t\t\t\t\t\t<h1>Pol\u00edtica de Cookies<\/h1>\n&nbsp;\n<p>En esta web recopilamos y utilizamos la informaci\u00f3n seg\u00fan indicamos en nuestra pol\u00edtica de privacidad. Una de las formas en las que recopilamos informaci\u00f3n es a trav\u00e9s del uso de la tecnolog\u00eda llamada \u201ccookies\u201d.En rockandclick.com, utilizamos cookies para varias cosas.<\/p>\n<h2>\u00bfQu\u00e9 es una cookie?<\/h2>\nUna \u201ccookie\u201d es una peque\u00f1a cantidad de texto que se almacena en tu navegador <em>(p.ej. Chrome de Google o Safari de Apple)<\/em> cuando navegas por la mayor\u00eda de los sitios web.\n<h2>Aceptaci\u00f3n de cookies<\/h2>\nAl acceder a este sitio web o aplicaci\u00f3n por primera vez, aparecer\u00e1 una advertencia donde se le informa de la utilizaci\u00f3n de las cookies y donde se puede consultar esta pol\u00edtica de cookies.\n\nNo se descargar\u00e1 ninguna cookie hasta que el usuario no consienta expresamente la instalaci\u00f3n de las cookies. Si el usuario consiente la utilizaci\u00f3n de cookies, se realizar\u00e1 la instalaci\u00f3n de las mismas en su equipo o dispositivo.\n\nAdem\u00e1s del uso de nuestras cookies propias, permitimos a terceros establecer cookies y acceder a ellas en su dispositivo.\n<h2>\u00bfQu\u00e9 informaci\u00f3n almacena una cookie?<\/h2>\nLas cookies no suelen almacenar informaci\u00f3n sensible sobre usted, como tarjetas de cr\u00e9dito o datos bancarios, fotograf\u00edas o informaci\u00f3n personal, etc. Los datos que guardan son de car\u00e1cter t\u00e9cnico, estad\u00edsticos, preferencias personales, personalizaci\u00f3n de contenidos, etc.\n<h2>\u00bfQu\u00e9 tipo de cookies existen?<\/h2>\n<ul>\n \t<li><strong>Cookies t\u00e9cnicas:<\/strong> Son las m\u00e1s elementales y permiten, entre otras cosas, saber cu\u00e1ndo est\u00e1 navegando un humano o una aplicaci\u00f3n automatizada, cu\u00e1ndo navega un usuario an\u00f3nimo y uno registrado, tareas b\u00e1sicas para el funcionamiento de cualquier web din\u00e1mica.<\/li>\n \t<li><strong>Cookies de an\u00e1lisis:<\/strong> Recogen informaci\u00f3n sobre el tipo de navegaci\u00f3n que est\u00e1 realizando, las secciones que m\u00e1s utiliza, productos consultados, franja horaria de uso, idioma, etc.<\/li>\n \t<li><strong>Cookies publicitarias:<\/strong> Muestran publicidad en funci\u00f3n de su navegaci\u00f3n, su pa\u00eds de procedencia, idioma, etc.<\/li>\n<\/ul>\nCookies aceptadas por la normativa y cookies exceptuadas\n\nSeg\u00fan la directiva de la UE, las cookies que requieren el consentimiento informado por parte del usuario son las cookies de anal\u00edtica, y las de publicidad y afiliaci\u00f3n, quedando exceptuadas las de car\u00e1cter t\u00e9cnico y las necesarias para el funcionamiento del sitio web o la prestaci\u00f3n de servicios expresamente solicitados por el usuario.\n<h2>\u00bfQu\u00e9 cookies utiliza esta web?<\/h2>\nEsta web utiliza cookies propias y de terceros. En este sitio web se utilizan las cookies que se detallan a continuaci\u00f3n:\n<h3>COOKIES PROPIAS<\/h3>\n<ul>\n \t<li><strong>Inicio de sesi\u00f3n:<\/strong> Las cookies para iniciar sesi\u00f3n te permiten entrar y salir de tu cuenta de rockandclick.com.<\/li>\n \t<li><strong>Personalizaci\u00f3n:<\/strong> Las cookies nos ayudan a recordar con qu\u00e9 personas o sitios web has interactuado, para que podamos mostrarte contenido relacionado.<\/li>\n \t<li><strong>Preferencias:<\/strong> Las cookies nos permiten recordar tus ajustes y preferencias, como el idioma preferido y tu configuraci\u00f3n de privacidad.<\/li>\n \t<li><strong>Seguridad: <\/strong>Utilizamos cookies para evitarte riesgos de seguridad. Principalmente para detectar cu\u00e1ndo alguien est\u00e1 intentando piratear tu cuenta de rockandclick.com.<\/li>\n<\/ul>\n<h3>COOKIES DE TERCEROS<\/h3>\n<em><strong>M\u00f3dulo Google Analytics\n<\/strong><\/em><em><strong>Cookies anal\u00edticas<\/strong><\/em>\n\nEsta web utiliza servicios de an\u00e1lisis, concretamente, <em>Google Analytics<\/em> para ayudar al website a analizar el uso que hacen los usuarios del sitio web y mejorar la usabilidad del mismo, pero en ning\u00fan caso se asocian a datos que pudieran llegar a identificar al usuario. Google Analytics es un servicio anal\u00edtico de web prestado por GoogleInc. El usuario puede consultar <a href=\"https:\/\/www.google.es\/intl\/es\/policies\/technologies\/types\/\"><em>aqu\u00ed<\/em><\/a> el tipo de cookies utilizadas por Google.\n\n<strong><em>M\u00f3dulo redes sociales\n<\/em><\/strong><strong><em>Cookies de redes sociales<\/em><\/strong>\n\nLas cookies de redes sociales pueden almacenarse en su navegador mientras navega por rockandclick.com,por ejemplo, cuando utiliza el bot\u00f3n de compartir contenidos derockandclick.com en alguna red social.\n\nA continuaci\u00f3n, tienes informaci\u00f3n sobre las cookies de las redes sociales que utiliza esta web en sus propias pol\u00edticas de cookies:\n<ul>\n \t<li>Cookies de Facebook, ver m\u00e1s informaci\u00f3n en su\u00a0<a href=\"https:\/\/www.facebook.com\/policies\/cookies\/\"><em>pol\u00edtica de cookies<\/em><\/a><em><u>.<\/u><\/em><\/li>\n \t<li>Cookies de Twitter, ver m\u00e1s informaci\u00f3n en su\u00a0<a href=\"https:\/\/twitter.com\/privacy\"><em>pol\u00edtica de cookies<\/em><\/a><u>.<\/u><\/li>\n \t<li>Cookies de Instagram, ver m\u00e1s informaci\u00f3n en su <a href=\"https:\/\/www.facebook.com\/policies\/cookies\/\"><em>pol\u00edtica de cookies<\/em><\/a>.<\/li>\n \t<li>Cookies de Youtube, ver m\u00e1s informaci\u00f3n en su <a href=\"http:\/\/www.google.com\/intl\/es\/policies\/technologies\/types\/\"><em>pol\u00edtica de cookies<\/em><\/a><em><u>.<\/u><\/em><\/li>\n \t<li>Cookies de Vimeo, ver m\u00e1s informaci\u00f3n en su <a href=\"https:\/\/vimeo.com\/cookie_policy\"><em>pol\u00edtica de cookies<\/em><\/a><em><u>.<\/u><\/em><\/li>\n<\/ul>\n<strong><em>M\u00f3dulo Cookies publicitarias<\/em><\/strong>\n\nSon aquellas que, tratadas por nosotros o por terceros, nos permiten analizar sus h\u00e1bitos de navegaci\u00f3n en Internet para que podamos mostrarle publicidad relacionada con su perfil de navegaci\u00f3n.\n<ul>\n \t<li><strong><em>Facebook ads<\/em><\/strong><\/li>\n \t<li><strong>Seguimiento de conversiones de Facebook Ads (p\u00edxel de Facebook) (Facebook, Inc.)<\/strong><\/li>\n<\/ul>\nEl Seguimiento de conversiones de Facebook Ads (p\u00edxel de Facebook) es un servicio de estad\u00edsticas prestado por Facebook, Inc. que conecta los datos de la red de publicidad de Facebook con las acciones realizadas en esta Aplicaci\u00f3n. El p\u00edxel de Facebook realiza un seguimiento de las conversiones que se pueden atribuir a los anuncios de Facebook, Instagram y Audience Network.\n\nDatos Personales recogidos: Cookie y Datos de uso.\n<ul>\n \t<li><strong>Facebook Remarketing (Facebook, Inc.)<\/strong><\/li>\n<\/ul>\nEn esta Web es posible que usemos los plugins sociales de Facebook, pudiendo en este caso que su navegador pueda crear una conexi\u00f3n directa con los servidores de Facebook y transmitir los datos (identificador del navegador del usuario) sobre su comportamiento mediante la colocaci\u00f3n de cookies a los servidores de Facebook.\n\nFacebook Remarketing es un servicio de remarketing y behavioral targeting prestado por Facebook, Inc. que conecta la actividad de esta Aplicaci\u00f3n con la red de publicidad de Facebook.\n\nPara m\u00e1s informaci\u00f3n y forma de desactivarlas acudir a los siguientes enlaces: https:\/\/www.facebook.com\/help\/cookies; https:\/\/www.facebook.com\/about\/privacy\/cookies.\n\nFinalidad espec\u00edfica: Utilizada por Facebook para proporcionar una serie de productos publicitarios como pujas en tiempo real de terceros anunciantes.\n\nDuraci\u00f3n: 1-3 meses\n\nGesti\u00f3n: De terceros &#8211; <a href=\"http:\/\/www.facebook.com\">www.facebook.com<\/a>\n<ul>\n \t<li><strong><em>Google ads<\/em><\/strong><\/li>\n<\/ul>\nConversi\u00f3n\n\nGoogle utiliza cookies, como NID u OGP, para poder personalizar los anuncios que se muestran en los servicios de Google. Google utiliza esas cookies, por ejemplo, para recordarle sus b\u00fasquedas m\u00e1s recientes, sus interacciones anteriores con los resultados de b\u00fasqueda o con la publicidad de un anunciante y sus visitas al sitio web de un anunciante. De ese modo, Google puede mostrarle anuncios personalizados. Estas cookies son enteramente gestionadas por Google. La informaci\u00f3n sobre su uso en nuestro sitio web, incluyendo su direcci\u00f3n IP, puede ser transmitida a Google y almacenada en sus servidores, si bien, ello no te identifica personalmente a menos que hayas iniciado sesi\u00f3n en Google, en cuyo caso est\u00e1 vinculado a tu cuenta de Google.\n<ul>\n \t<li><strong>Seguimiento de conversiones de Google Ads (Google LLC)<\/strong><\/li>\n<\/ul>\nEl Seguimiento de conversiones de Google Ads es un servicio de estad\u00edsticas prestado por Google LLC que conecta los datos de la red de publicidad de Google Ads con las acciones realizadas en esta Aplicaci\u00f3n.\n\nDatos Personales recogidos: Cookie y Datos de uso.\n<ul>\n \t<li><strong>Remarketing Google Ads: <\/strong><\/li>\n<\/ul>\nUtilizamos remarketing de Google Ads que utiliza las cookies para a ofrecer anuncios en l\u00ednea espec\u00edficos basados en visitas anteriores a nuestro sitio web. Google utiliza esta informaci\u00f3n para mostrar anuncios en varios sitios web de terceros a trav\u00e9s de Internet. Estas cookies est\u00e1n a punto de expirar y no contienen informaci\u00f3n que pueda identificarle personalmente. Por favor dir\u00edgete a la publicidad de <a href=\"https:\/\/support.google.com\/google-ads\/answer\/2549116?hl=es&amp;ref_topic=3123080\">Google Aviso de privacidad para obtener m\u00e1s informaci\u00f3n.<\/a>\n<ul>\n \t<li><strong>Google DoubleClick<\/strong><\/li>\n<\/ul>\nConversi\u00f3n\n\nAyuda a los anunciantes a determinar cu\u00e1ntas veces las personas que hacen clic en sus anuncios terminan comprando sus productos o realizando una acci\u00f3n en particular (por ejemplo, enviar un formulario, ver un video, descargar un PDF, etc.). Estas cookies permiten que Google y el anunciante determinen que usted hizo clic en el anuncio y luego visit\u00f3 el sitio del anunciante. Google no utiliza las cookies de conversi\u00f3n para la segmentaci\u00f3n de anuncios personalizada y persisten solo durante un tiempo limitado.\n\nDuraci\u00f3n: 30 d\u00edas\n<ul>\n \t<li><strong><em>LinkedIn<\/em><\/strong><\/li>\n<\/ul>\nConversi\u00f3n\n\nAyuda a los anunciantes a determinar cu\u00e1ntas veces las personas que hacen clic en <strong><em>sus anuncios terminan comprando sus productos o realizando una acci\u00f3n en<\/em><\/strong> particular (por ejemplo, enviar un formulario, ver un video, descargar un PDF, etc.). Estas cookies permiten que LinkedIn y el anunciante determinen que usted hizo clic en el anuncio y luego visit\u00f3 el sitio del anunciante. Las cookies de conversi\u00f3n no son utilizadas por LinkedIn para la segmentaci\u00f3n de anuncios personalizada y persisten solo durante un tiempo limitado.\n\n<strong>LinkedIn Ads<\/strong> utiliza esta cookie para ayudar a rockandclick.com a medir el rendimiento publicitario. Puede encontrar m\u00e1s informaci\u00f3n en su pol\u00edtica de cookies.\n<ul>\n \t<li><strong><em>Twitter<\/em><\/strong><\/li>\n<\/ul>\nConversi\u00f3n\n\nAyuda a los anunciantes a determinar cu\u00e1ntas veces las personas que hacen clic en sus anuncios terminan comprando sus productos o realizando una acci\u00f3n en particular (por ejemplo, enviar un formulario, ver un video, descargar un PDF, etc.). Estas cookies permiten que Twitter y el anunciante determinen que usted hizo clic en el anuncio y luego visit\u00f3 el sitio del anunciante. Twitter no utiliza cookies de conversi\u00f3n para la segmentaci\u00f3n personalizada de anuncios y persisten solo durante un tiempo limitado.\n\nDuraci\u00f3n30 d\u00edas\n<ul>\n \t<li><strong><em>TikTok ads:<\/em><\/strong><\/li>\n<\/ul>\nEste es un servicio de remarketing prestado por TIK TOK que permite generar estructuras de campa\u00f1as en la que incluir diferentes grupos de anuncios, con segmentaciones diferentes y varios tipos de anuncios en cada uno seg\u00fan su pol\u00edtica de cookies.\t\t\t\t\t\t\t\t<\/div>\n\t\t\t\t<\/div>\n\t\t\t\t<div class=\"elementor-element elementor-element-170ea3c6 elementor-widget elementor-widget-text-editor\" data-id=\"170ea3c6\" data-element_type=\"widget\" data-widget_type=\"text-editor.default\">\n\t\t\t\t<div class=\"elementor-widget-container\">\n\t\t\t\t\t\t\t\t\t<h2>\u00bfSe pueden eliminar las cookies?<\/h2><p>S\u00ed, y no s\u00f3lo eliminar, tambi\u00e9n bloquear, de forma general o particular para un dominio espec\u00edfico.<\/p><p>Para eliminar las cookies de un sitio web debe ir a la configuraci\u00f3n de su navegador y all\u00ed podr\u00e1 buscar las asociadas al dominio en cuesti\u00f3n y proceder a su eliminaci\u00f3n.<\/p><ul><li>Configuraci\u00f3n de cookies para <a href=\"http:\/\/support.google.com\/chrome\/bin\/answer.py?hl=es&amp;answer=95647\"><em>Google Chrome<\/em><\/a><\/li><li>Configuraci\u00f3n de cookies para <a href=\"https:\/\/support.apple.com\/es-es\/HT201265\"><em>Apple Safari<\/em><\/a><\/li><li>Configuraci\u00f3n de cookies para <a href=\"https:\/\/support.microsoft.com\/en-us\/help\/17442\/windows-internet-explorer-delete-manage-cookies#ie=ie-10\"><em>Internet Explorer<\/em><\/a><\/li><li>Configuraci\u00f3n de cookies para <a href=\"https:\/\/support.mozilla.org\/es\/kb\/habilitar-y-deshabilitar-cookies-sitios-web-rastrear-preferencias?redirectlocale=es&amp;redirectslug=habilitar-y-deshabilitar-cookies-que-los-sitios-we\"><em>Mozilla Firefox<\/em><\/a><\/li><\/ul><h2>Aceptaci\u00f3n de cookies<\/h2><p>Al acceder a este sitio web o aplicaci\u00f3n por primera vez, se mostrar\u00e1 una advertencia donde se informa de la utilizaci\u00f3n de las cookies y donde puede consultar esta pol\u00edtica de cookies. Si el usuario consiente la utilizaci\u00f3n de cookies, se realizar\u00e1 la instalaci\u00f3n de las mismas en su equipo o dispositivo.<\/p><p>Adem\u00e1s del uso de nuestras cookies propias, permitimos a terceros establecer cookies y acceder a ellas en su ordenador. El consentimiento del uso de las cookies de estas empresas est\u00e1 ligado a la navegaci\u00f3n por este sitio web.<\/p><h2>M\u00e1s informaci\u00f3n sobre las cookies<\/h2><p>Puedes consultar el reglamento sobre cookies publicado por la Agencia Espa\u00f1ola de Protecci\u00f3n de Datos en su <em>\u201c<\/em><a href=\"https:\/\/www.aepd.es\/sites\/default\/files\/2020-07\/guia-cookies.pdf\"><em>Gu\u00eda sobre el uso de las cookies\u201d<\/em><\/a> y \u00a0obtener m\u00e1s informaci\u00f3n sobre las cookies en Internet,<a href=\"http:\/\/www.aboutcookies.org\/\"><em>http:\/\/www.aboutcookies.org\/<\/em><\/a><\/p><p>Si desea tener un mayor control sobre la instalaci\u00f3n de cookies, puede instalar programas o complementos a su navegador, conocidos como herramientas de <em>\u201cDo Not Track\u201d<\/em>, que le permitir\u00e1n escoger aquellas cookies que desea permitir.<br \/>Esta pol\u00edtica de cookies ha sido actualizada por \u00faltima vez el [current_date]<\/p>\t\t\t\t\t\t\t\t<\/div>\n\t\t\t\t<\/div>\n\t\t\t\t\t<\/div>\n\t\t<\/div>\n\t\t\t\t\t<\/div>\n\t\t<\/section>\n\t\t\t\t<\/div>\n\t\t","protected":false},"excerpt":{"rendered":"<p>Cookie Policy &nbsp; On this website, we collect and use information as described in our privacy policy. One of the ways we collect information is through the use of a [&hellip;]<\/p>\n","protected":false},"author":1,"featured_media":0,"parent":0,"menu_order":0,"comment_status":"closed","ping_status":"closed","template":"elementor_header_footer","meta":{"site-sidebar-layout":"no-sidebar","site-content-layout":"page-builder","ast-site-content-layout":"default","site-content-style":"default","site-sidebar-style":"default","ast-global-header-display":"","ast-banner-title-visibility":"","ast-main-header-display":"","ast-hfb-above-header-display":"","ast-hfb-below-header-display":"","ast-hfb-mobile-header-display":"","site-post-title":"disabled","ast-breadcrumbs-content":"","ast-featured-img":"disabled","footer-sml-layout":"","ast-disable-related-posts":"","theme-transparent-header-meta":"default","adv-header-id-meta":"","stick-header-meta":"","header-above-stick-meta":"","header-main-stick-meta":"","header-below-stick-meta":"","astra-migrate-meta-layouts":"default","ast-page-background-enabled":"default","ast-page-background-meta":{"desktop":{"background-color":"var(--ast-global-color-4)","background-image":"","background-repeat":"repeat","background-position":"center center","background-size":"auto","background-attachment":"scroll","background-type":"","background-media":"","overlay-type":"","overlay-color":"","overlay-opacity":"","overlay-gradient":""},"tablet":{"background-color":"","background-image":"","background-repeat":"repeat","background-position":"center center","background-size":"auto","background-attachment":"scroll","background-type":"","background-media":"","overlay-type":"","overlay-color":"","overlay-opacity":"","overlay-gradient":""},"mobile":{"background-color":"","background-image":"","background-repeat":"repeat","background-position":"center center","background-size":"auto","background-attachment":"scroll","background-type":"","background-media":"","overlay-type":"","overlay-color":"","overlay-opacity":"","overlay-gradient":""}},"ast-content-background-meta":{"desktop":{"background-color":"var(--ast-global-color-5)","background-image":"","background-repeat":"repeat","background-position":"center center","background-size":"auto","background-attachment":"scroll","background-type":"","background-media":"","overlay-type":"","overlay-color":"","overlay-opacity":"","overlay-gradient":""},"tablet":{"background-color":"var(--ast-global-color-5)","background-image":"","background-repeat":"repeat","background-position":"center center","background-size":"auto","background-attachment":"scroll","background-type":"","background-media":"","overlay-type":"","overlay-color":"","overlay-opacity":"","overlay-gradient":""},"mobile":{"background-color":"var(--ast-global-color-5)","background-image":"","background-repeat":"repeat","background-position":"center center","background-size":"auto","background-attachment":"scroll","background-type":"","background-media":"","overlay-type":"","overlay-color":"","overlay-opacity":"","overlay-gradient":""}},"footnotes":""},"class_list":["post-1257","page","type-page","status-publish","hentry"],"yoast_head":"<!-- This site is optimized with the Yoast SEO plugin v26.8 - https:\/\/yoast.com\/product\/yoast-seo-wordpress\/ -->\n<title>Cookie Policy - Rock &amp; Click<\/title>\n<meta name=\"robots\" content=\"noindex, follow\" \/>\n<meta property=\"og:locale\" content=\"en_US\" \/>\n<meta property=\"og:type\" content=\"article\" \/>\n<meta property=\"og:title\" content=\"Cookie Policy - Rock &amp; Click\" \/>\n<meta property=\"og:description\" content=\"Cookie Policy &nbsp; On this website, we collect and use information as described in our privacy policy. One of the ways we collect information is through the use of a [&hellip;]\" \/>\n<meta property=\"og:url\" content=\"https:\/\/rockandclick.com\/en\/cookie-policy\/\" \/>\n<meta property=\"og:site_name\" content=\"Rock &amp; Click\" \/>\n<meta name=\"twitter:card\" content=\"summary_large_image\" \/>\n<meta name=\"twitter:label1\" content=\"Est. reading time\" \/>\n\t<meta name=\"twitter:data1\" content=\"8 minutes\" \/>\n<script type=\"application\/ld+json\" class=\"yoast-schema-graph\">{\"@context\":\"https:\/\/schema.org\",\"@graph\":[{\"@type\":\"WebPage\",\"@id\":\"https:\/\/rockandclick.com\/en\/cookie-policy\/\",\"url\":\"https:\/\/rockandclick.com\/en\/cookie-policy\/\",\"name\":\"Cookie Policy - Rock &amp; Click\",\"isPartOf\":{\"@id\":\"https:\/\/rockandclick.com\/en\/#website\"},\"datePublished\":\"2022-11-09T14:33:15+00:00\",\"breadcrumb\":{\"@id\":\"https:\/\/rockandclick.com\/en\/cookie-policy\/#breadcrumb\"},\"inLanguage\":\"en-US\",\"potentialAction\":[{\"@type\":\"ReadAction\",\"target\":[\"https:\/\/rockandclick.com\/en\/cookie-policy\/\"]}]},{\"@type\":\"BreadcrumbList\",\"@id\":\"https:\/\/rockandclick.com\/en\/cookie-policy\/#breadcrumb\",\"itemListElement\":[{\"@type\":\"ListItem\",\"position\":1,\"name\":\"Portada\",\"item\":\"https:\/\/rockandclick.com\/en\/\"},{\"@type\":\"ListItem\",\"position\":2,\"name\":\"Cookie Policy\"}]},{\"@type\":\"WebSite\",\"@id\":\"https:\/\/rockandclick.com\/en\/#website\",\"url\":\"https:\/\/rockandclick.com\/en\/\",\"name\":\"Rock &amp; Click\",\"description\":\"Rock &amp; Click\",\"publisher\":{\"@id\":\"https:\/\/rockandclick.com\/en\/#organization\"},\"potentialAction\":[{\"@type\":\"SearchAction\",\"target\":{\"@type\":\"EntryPoint\",\"urlTemplate\":\"https:\/\/rockandclick.com\/en\/?s={search_term_string}\"},\"query-input\":{\"@type\":\"PropertyValueSpecification\",\"valueRequired\":true,\"valueName\":\"search_term_string\"}}],\"inLanguage\":\"en-US\"},{\"@type\":\"Organization\",\"@id\":\"https:\/\/rockandclick.com\/en\/#organization\",\"name\":\"Rock &amp; Click\",\"url\":\"https:\/\/rockandclick.com\/en\/\",\"logo\":{\"@type\":\"ImageObject\",\"inLanguage\":\"en-US\",\"@id\":\"https:\/\/rockandclick.com\/en\/#\/schema\/logo\/image\/\",\"url\":\"https:\/\/rockandclick.com\/wp-content\/uploads\/2025\/11\/logo_sinfondo_rock-scaled.png\",\"contentUrl\":\"https:\/\/rockandclick.com\/wp-content\/uploads\/2025\/11\/logo_sinfondo_rock-scaled.png\",\"width\":2560,\"height\":554,\"caption\":\"Rock &amp; Click\"},\"image\":{\"@id\":\"https:\/\/rockandclick.com\/en\/#\/schema\/logo\/image\/\"}}]}<\/script>\n<!-- \/ Yoast SEO plugin. -->","yoast_head_json":{"title":"Cookie Policy - Rock &amp; Click","robots":{"index":"noindex","follow":"follow"},"og_locale":"en_US","og_type":"article","og_title":"Cookie Policy - Rock &amp; Click","og_description":"Cookie Policy &nbsp; On this website, we collect and use information as described in our privacy policy. One of the ways we collect information is through the use of a [&hellip;]","og_url":"https:\/\/rockandclick.com\/en\/cookie-policy\/","og_site_name":"Rock &amp; Click","twitter_card":"summary_large_image","twitter_misc":{"Est. reading time":"8 minutes"},"schema":{"@context":"https:\/\/schema.org","@graph":[{"@type":"WebPage","@id":"https:\/\/rockandclick.com\/en\/cookie-policy\/","url":"https:\/\/rockandclick.com\/en\/cookie-policy\/","name":"Cookie Policy - Rock &amp; Click","isPartOf":{"@id":"https:\/\/rockandclick.com\/en\/#website"},"datePublished":"2022-11-09T14:33:15+00:00","breadcrumb":{"@id":"https:\/\/rockandclick.com\/en\/cookie-policy\/#breadcrumb"},"inLanguage":"en-US","potentialAction":[{"@type":"ReadAction","target":["https:\/\/rockandclick.com\/en\/cookie-policy\/"]}]},{"@type":"BreadcrumbList","@id":"https:\/\/rockandclick.com\/en\/cookie-policy\/#breadcrumb","itemListElement":[{"@type":"ListItem","position":1,"name":"Portada","item":"https:\/\/rockandclick.com\/en\/"},{"@type":"ListItem","position":2,"name":"Cookie Policy"}]},{"@type":"WebSite","@id":"https:\/\/rockandclick.com\/en\/#website","url":"https:\/\/rockandclick.com\/en\/","name":"Rock &amp; Click","description":"Rock &amp; Click","publisher":{"@id":"https:\/\/rockandclick.com\/en\/#organization"},"potentialAction":[{"@type":"SearchAction","target":{"@type":"EntryPoint","urlTemplate":"https:\/\/rockandclick.com\/en\/?s={search_term_string}"},"query-input":{"@type":"PropertyValueSpecification","valueRequired":true,"valueName":"search_term_string"}}],"inLanguage":"en-US"},{"@type":"Organization","@id":"https:\/\/rockandclick.com\/en\/#organization","name":"Rock &amp; Click","url":"https:\/\/rockandclick.com\/en\/","logo":{"@type":"ImageObject","inLanguage":"en-US","@id":"https:\/\/rockandclick.com\/en\/#\/schema\/logo\/image\/","url":"https:\/\/rockandclick.com\/wp-content\/uploads\/2025\/11\/logo_sinfondo_rock-scaled.png","contentUrl":"https:\/\/rockandclick.com\/wp-content\/uploads\/2025\/11\/logo_sinfondo_rock-scaled.png","width":2560,"height":554,"caption":"Rock &amp; Click"},"image":{"@id":"https:\/\/rockandclick.com\/en\/#\/schema\/logo\/image\/"}}]}},"_links":{"self":[{"href":"https:\/\/rockandclick.com\/en\/wp-json\/wp\/v2\/pages\/1257","targetHints":{"allow":["GET"]}}],"collection":[{"href":"https:\/\/rockandclick.com\/en\/wp-json\/wp\/v2\/pages"}],"about":[{"href":"https:\/\/rockandclick.com\/en\/wp-json\/wp\/v2\/types\/page"}],"author":[{"embeddable":true,"href":"https:\/\/rockandclick.com\/en\/wp-json\/wp\/v2\/users\/1"}],"replies":[{"embeddable":true,"href":"https:\/\/rockandclick.com\/en\/wp-json\/wp\/v2\/comments?post=1257"}],"version-history":[{"count":0,"href":"https:\/\/rockandclick.com\/en\/wp-json\/wp\/v2\/pages\/1257\/revisions"}],"wp:attachment":[{"href":"https:\/\/rockandclick.com\/en\/wp-json\/wp\/v2\/media?parent=1257"}],"curies":[{"name":"wp","href":"https:\/\/api.w.org\/{rel}","templated":true}]}}