{"id":1246,"date":"2026-01-21T12:14:25","date_gmt":"2026-01-21T12:14:25","guid":{"rendered":"https:\/\/rockandclick.com\/accessibility\/"},"modified":"2026-01-28T14:15:29","modified_gmt":"2026-01-28T14:15:29","slug":"accessibility","status":"publish","type":"page","link":"https:\/\/rockandclick.com\/en\/accessibility\/","title":{"rendered":"Accessibility"},"content":{"rendered":"\t\t<div data-elementor-type=\"wp-page\" data-elementor-id=\"1246\" class=\"elementor elementor-1246 elementor-1115\" data-elementor-post-type=\"page\">\n\t\t\t\t\t\t<section class=\"elementor-section elementor-top-section elementor-element elementor-element-4c48de9 elementor-section-boxed elementor-section-height-default elementor-section-height-default\" data-id=\"4c48de9\" data-element_type=\"section\">\n\t\t\t\t\t\t<div class=\"elementor-container elementor-column-gap-default\">\n\t\t\t\t\t<div class=\"elementor-column elementor-col-100 elementor-top-column elementor-element elementor-element-3c5b7b19\" data-id=\"3c5b7b19\" data-element_type=\"column\">\n\t\t\t<div class=\"elementor-widget-wrap elementor-element-populated\">\n\t\t\t\t\t\t<div class=\"elementor-element elementor-element-4c24534e avisos elementor-widget elementor-widget-text-editor\" data-id=\"4c24534e\" data-element_type=\"widget\" data-widget_type=\"text-editor.default\">\n\t\t\t\t<div class=\"elementor-widget-container\">\n\t\t\t\t\t\t\t\t\t<h1>Accesibilidad<\/h1><h2>Declaraci\u00f3n de accesibilidad<\/h2><p>https:\/\/rockandclick.com\/\u00a0se ha comprometido a hacer accesible este sitio web de conformidad con el Real Decreto 1112\/2018, de 7 de septiembre, sobre accesibilidad de los sitios web y aplicaciones para dispositivos m\u00f3viles del sector p\u00fablico.<\/p><p>La presente declaraci\u00f3n de accesibilidad se aplica al sitio web https:\/\/rockandclick.com\/<\/p><p>Esta declaraci\u00f3n de conformidad afecta a todas las p\u00e1ginas localizadas dentro del dominio https:\/\/rockandclick.com\/, excluyendo las p\u00e1ginas a las que nos llevan los enlaces externos y los contenidos incrustados provenientes de otros dominios.<\/p><h2>Situaci\u00f3n de cumplimiento<\/h2><p>Este sitio web es parcialmente accesible conforme con el RD 1112\/2018 debido a las excepciones y a la falta de conformidad de los aspectos que se indican a continuaci\u00f3n.<\/p><p>El sitio web est\u00e1 optimizado para los navegadores m\u00e1s utilizados y ha sido dise\u00f1ado siguiendo los requisitos Responsive Web Design, con el fin que sea visualizado de forma \u00f3ptima en los dispositivos tablet y m\u00f3viles.<\/p><h2>Contenido no accesible<\/h2><p>El contenido que se recoge a continuaci\u00f3n no es accesible por lo siguiente:<\/p><ul><li>Podr\u00edan existir fallos puntuales de edici\u00f3n en alguna p\u00e1gina web.<\/li><li>Podr\u00edan existir archivos ofim\u00e1ticos en PDF u otros formatos publicados antes del 20 de septiembre de 2018 que no cumplan en su totalidad todos los requisitos de accesibilidad.<\/li><li>Existe contenido audiovisual que no incluye audio descripci\u00f3n o medio alternativo [Requisito n\u00famero 1.2.3 Audiodescripci\u00f3n o medio alternativo] y audiodescripcion grabada [Requisito 1.2.5 Audiodescripci\u00f3n (Grabado)].<\/li><li>Podr\u00edan existir errores de c\u00f3digo puntuales de edici\u00f3n en alguna p\u00e1gina web. [4.1.1 Procesamiento]<\/li><li>Podr\u00edan existir algunos componentes de la interfaz de usuario que no se encuentren etiquetados correctamente. [4.1.2 Nombre, funci\u00f3n, valor]<\/li><\/ul><h2>Preparaci\u00f3n de la presente declaraci\u00f3n de accesibilidad<\/h2><p>La presente declaraci\u00f3n fue preparada el 10 de Febrero 2023.<\/p><p>El m\u00e9todo empleado para preparar la declaraci\u00f3n ha sido una autoevaluaci\u00f3n llevada a cabo por la empresa desarrolladora.<\/p><h2>Observaciones y datos de contacto<\/h2><p>Puede realizar comunicaciones sobre requisitos de accesibilidad (art\u00edculo 10.2.a del RD 1112\/2018) como por ejemplo:<\/p><ul><li>Informar sobre cualquier posible incumplimiento por parte de este sitio web.<\/li><li>Transmitir otras dificultades de acceso al contenido.<\/li><li>Formular cualquier otra consulta o sugerencia de mejora relativa a la accesibilidad del sitio web.<\/li><li>A trav\u00e9s del formulario de contacto de este sitio web.<\/li><\/ul><p>Puede presentar:<\/p><ul><li>Queja relativa al cumplimiento de los requisitos del RD 1112\/2018 o<\/li><li>Solicitud de Informaci\u00f3n accesible relativa a:<ul><li>Contenidos que est\u00e1n excluidos del \u00e1mbito de aplicaci\u00f3n del RD 1112\/2018 seg\u00fan lo establecido por el art\u00edculo 3, apartado 4.<\/li><li>Contenidos que est\u00e1n exentos del cumplimiento de los requisitos de accesibilidad por imponer una carga desproporcionada.<\/li><\/ul><\/li><\/ul><p>En la Solicitud de informaci\u00f3n accesible, se debe concretar, con toda claridad, los hechos, razones y petici\u00f3n que permitan constatar que se trata de una solicitud razonable y leg\u00edtima.<\/p><h2>Contenido Opcional<\/h2><p>Este portal est\u00e1 dise\u00f1ado para poder cambiar el tama\u00f1o del texto y el color, as\u00ed como el fondo de la p\u00e1gina mediante las opciones de configuraci\u00f3n est\u00e1ndar de los navegadores.<\/p><p>Si desea cambiar el tama\u00f1o de letra del texto en los principales navegadores gr\u00e1ficos utilice los siguientes men\u00fas:<\/p><ul><li>Internet Explorer, Mozilla y Firefox: Ver &gt; Tama\u00f1o del texto<\/li><li>Opera: Ver &gt; Zoom<\/li><li>Safari: Ver &gt; Hacer el texto m\u00e1s grande<\/li><li>Chrome: Controla la p\u00e1gina actual &gt; Tama\u00f1o del texto<\/li><\/ul><p>Para modificar el tama\u00f1o de todo en la p\u00e1gina:<\/p><ul><li>Ctrl + + para aumentarlo<\/li><li>Ctrl + &#8211; para disminuirlo<\/li><li>Ctrl + 0 restaura el tama\u00f1o original del texto<\/li><li>Si lo que quiere es anular la hoja de estilos o modificar el color del texto, puede consultar la p\u00e1gina How to Change Text Size or Colors de la WAI, que se puede leer traducida al espa\u00f1ol en \u00bfC\u00f3mo cambiar el tama\u00f1o del texto o colores?<\/li><\/ul>\t\t\t\t\t\t\t\t<\/div>\n\t\t\t\t<\/div>\n\t\t\t\t\t<\/div>\n\t\t<\/div>\n\t\t\t\t\t<\/div>\n\t\t<\/section>\n\t\t\t\t<\/div>\n\t\t","protected":false},"excerpt":{"rendered":"<p>Accessibility Accessibility statement https:\/\/rockandclick.com\/en\/ has committed to making this website accessible in accordance with Royal Decree 1112\/2018 of 7 September on the accessibility of public sector websites and mobile applications. [&hellip;]<\/p>\n","protected":false},"author":1,"featured_media":0,"parent":0,"menu_order":0,"comment_status":"closed","ping_status":"closed","template":"elementor_header_footer","meta":{"site-sidebar-layout":"no-sidebar","site-content-layout":"page-builder","ast-site-content-layout":"full-width-container","site-content-style":"default","site-sidebar-style":"default","ast-global-header-display":"","ast-banner-title-visibility":"","ast-main-header-display":"","ast-hfb-above-header-display":"","ast-hfb-below-header-display":"","ast-hfb-mobile-header-display":"","site-post-title":"","ast-breadcrumbs-content":"","ast-featured-img":"disabled","footer-sml-layout":"","ast-disable-related-posts":"","theme-transparent-header-meta":"default","adv-header-id-meta":"","stick-header-meta":"default","header-above-stick-meta":"","header-main-stick-meta":"","header-below-stick-meta":"","astra-migrate-meta-layouts":"default","ast-page-background-enabled":"default","ast-page-background-meta":{"desktop":{"background-color":"var(--ast-global-color-4)","background-image":"","background-repeat":"repeat","background-position":"center center","background-size":"auto","background-attachment":"scroll","background-type":"","background-media":"","overlay-type":"","overlay-color":"","overlay-opacity":"","overlay-gradient":""},"tablet":{"background-color":"","background-image":"","background-repeat":"repeat","background-position":"center center","background-size":"auto","background-attachment":"scroll","background-type":"","background-media":"","overlay-type":"","overlay-color":"","overlay-opacity":"","overlay-gradient":""},"mobile":{"background-color":"","background-image":"","background-repeat":"repeat","background-position":"center center","background-size":"auto","background-attachment":"scroll","background-type":"","background-media":"","overlay-type":"","overlay-color":"","overlay-opacity":"","overlay-gradient":""}},"ast-content-background-meta":{"desktop":{"background-color":"var(--ast-global-color-5)","background-image":"","background-repeat":"repeat","background-position":"center center","background-size":"auto","background-attachment":"scroll","background-type":"","background-media":"","overlay-type":"","overlay-color":"","overlay-opacity":"","overlay-gradient":""},"tablet":{"background-color":"var(--ast-global-color-5)","background-image":"","background-repeat":"repeat","background-position":"center center","background-size":"auto","background-attachment":"scroll","background-type":"","background-media":"","overlay-type":"","overlay-color":"","overlay-opacity":"","overlay-gradient":""},"mobile":{"background-color":"var(--ast-global-color-5)","background-image":"","background-repeat":"repeat","background-position":"center center","background-size":"auto","background-attachment":"scroll","background-type":"","background-media":"","overlay-type":"","overlay-color":"","overlay-opacity":"","overlay-gradient":""}},"footnotes":""},"class_list":["post-1246","page","type-page","status-publish","hentry"],"yoast_head":"<!-- This site is optimized with the Yoast SEO plugin v26.8 - https:\/\/yoast.com\/product\/yoast-seo-wordpress\/ -->\n<title>Accessibility - Rock &amp; Click<\/title>\n<meta name=\"robots\" content=\"noindex, nofollow\" \/>\n<meta property=\"og:locale\" content=\"en_US\" \/>\n<meta property=\"og:type\" content=\"article\" \/>\n<meta property=\"og:title\" content=\"Accessibility - Rock &amp; Click\" \/>\n<meta property=\"og:description\" content=\"Accessibility Accessibility statement https:\/\/rockandclick.com\/en\/ has committed to making this website accessible in accordance with Royal Decree 1112\/2018 of 7 September on the accessibility of public sector websites and mobile applications. [&hellip;]\" \/>\n<meta property=\"og:url\" content=\"https:\/\/rockandclick.com\/en\/accessibility\/\" \/>\n<meta property=\"og:site_name\" content=\"Rock &amp; Click\" \/>\n<meta property=\"article:modified_time\" content=\"2026-01-28T14:15:29+00:00\" \/>\n<meta name=\"twitter:card\" content=\"summary_large_image\" \/>\n<meta name=\"twitter:label1\" content=\"Est. reading time\" \/>\n\t<meta name=\"twitter:data1\" content=\"3 minutes\" \/>\n<script type=\"application\/ld+json\" class=\"yoast-schema-graph\">{\"@context\":\"https:\/\/schema.org\",\"@graph\":[{\"@type\":\"WebPage\",\"@id\":\"https:\/\/rockandclick.com\/en\/accessibility\/\",\"url\":\"https:\/\/rockandclick.com\/en\/accessibility\/\",\"name\":\"Accessibility - Rock &amp; Click\",\"isPartOf\":{\"@id\":\"https:\/\/rockandclick.com\/en\/#website\"},\"datePublished\":\"2026-01-21T12:14:25+00:00\",\"dateModified\":\"2026-01-28T14:15:29+00:00\",\"breadcrumb\":{\"@id\":\"https:\/\/rockandclick.com\/en\/accessibility\/#breadcrumb\"},\"inLanguage\":\"en-US\",\"potentialAction\":[{\"@type\":\"ReadAction\",\"target\":[\"https:\/\/rockandclick.com\/en\/accessibility\/\"]}]},{\"@type\":\"BreadcrumbList\",\"@id\":\"https:\/\/rockandclick.com\/en\/accessibility\/#breadcrumb\",\"itemListElement\":[{\"@type\":\"ListItem\",\"position\":1,\"name\":\"Portada\",\"item\":\"https:\/\/rockandclick.com\/en\/\"},{\"@type\":\"ListItem\",\"position\":2,\"name\":\"Accessibility\"}]},{\"@type\":\"WebSite\",\"@id\":\"https:\/\/rockandclick.com\/en\/#website\",\"url\":\"https:\/\/rockandclick.com\/en\/\",\"name\":\"Rock &amp; Click\",\"description\":\"Rock &amp; Click\",\"publisher\":{\"@id\":\"https:\/\/rockandclick.com\/en\/#organization\"},\"potentialAction\":[{\"@type\":\"SearchAction\",\"target\":{\"@type\":\"EntryPoint\",\"urlTemplate\":\"https:\/\/rockandclick.com\/en\/?s={search_term_string}\"},\"query-input\":{\"@type\":\"PropertyValueSpecification\",\"valueRequired\":true,\"valueName\":\"search_term_string\"}}],\"inLanguage\":\"en-US\"},{\"@type\":\"Organization\",\"@id\":\"https:\/\/rockandclick.com\/en\/#organization\",\"name\":\"Rock &amp; Click\",\"url\":\"https:\/\/rockandclick.com\/en\/\",\"logo\":{\"@type\":\"ImageObject\",\"inLanguage\":\"en-US\",\"@id\":\"https:\/\/rockandclick.com\/en\/#\/schema\/logo\/image\/\",\"url\":\"https:\/\/rockandclick.com\/wp-content\/uploads\/2025\/11\/logo_sinfondo_rock-scaled.png\",\"contentUrl\":\"https:\/\/rockandclick.com\/wp-content\/uploads\/2025\/11\/logo_sinfondo_rock-scaled.png\",\"width\":2560,\"height\":554,\"caption\":\"Rock &amp; Click\"},\"image\":{\"@id\":\"https:\/\/rockandclick.com\/en\/#\/schema\/logo\/image\/\"}}]}<\/script>\n<!-- \/ Yoast SEO plugin. -->","yoast_head_json":{"title":"Accessibility - Rock &amp; Click","robots":{"index":"noindex","follow":"nofollow"},"og_locale":"en_US","og_type":"article","og_title":"Accessibility - Rock &amp; Click","og_description":"Accessibility Accessibility statement https:\/\/rockandclick.com\/en\/ has committed to making this website accessible in accordance with Royal Decree 1112\/2018 of 7 September on the accessibility of public sector websites and mobile applications. [&hellip;]","og_url":"https:\/\/rockandclick.com\/en\/accessibility\/","og_site_name":"Rock &amp; Click","article_modified_time":"2026-01-28T14:15:29+00:00","twitter_card":"summary_large_image","twitter_misc":{"Est. reading time":"3 minutes"},"schema":{"@context":"https:\/\/schema.org","@graph":[{"@type":"WebPage","@id":"https:\/\/rockandclick.com\/en\/accessibility\/","url":"https:\/\/rockandclick.com\/en\/accessibility\/","name":"Accessibility - Rock &amp; Click","isPartOf":{"@id":"https:\/\/rockandclick.com\/en\/#website"},"datePublished":"2026-01-21T12:14:25+00:00","dateModified":"2026-01-28T14:15:29+00:00","breadcrumb":{"@id":"https:\/\/rockandclick.com\/en\/accessibility\/#breadcrumb"},"inLanguage":"en-US","potentialAction":[{"@type":"ReadAction","target":["https:\/\/rockandclick.com\/en\/accessibility\/"]}]},{"@type":"BreadcrumbList","@id":"https:\/\/rockandclick.com\/en\/accessibility\/#breadcrumb","itemListElement":[{"@type":"ListItem","position":1,"name":"Portada","item":"https:\/\/rockandclick.com\/en\/"},{"@type":"ListItem","position":2,"name":"Accessibility"}]},{"@type":"WebSite","@id":"https:\/\/rockandclick.com\/en\/#website","url":"https:\/\/rockandclick.com\/en\/","name":"Rock &amp; Click","description":"Rock &amp; Click","publisher":{"@id":"https:\/\/rockandclick.com\/en\/#organization"},"potentialAction":[{"@type":"SearchAction","target":{"@type":"EntryPoint","urlTemplate":"https:\/\/rockandclick.com\/en\/?s={search_term_string}"},"query-input":{"@type":"PropertyValueSpecification","valueRequired":true,"valueName":"search_term_string"}}],"inLanguage":"en-US"},{"@type":"Organization","@id":"https:\/\/rockandclick.com\/en\/#organization","name":"Rock &amp; Click","url":"https:\/\/rockandclick.com\/en\/","logo":{"@type":"ImageObject","inLanguage":"en-US","@id":"https:\/\/rockandclick.com\/en\/#\/schema\/logo\/image\/","url":"https:\/\/rockandclick.com\/wp-content\/uploads\/2025\/11\/logo_sinfondo_rock-scaled.png","contentUrl":"https:\/\/rockandclick.com\/wp-content\/uploads\/2025\/11\/logo_sinfondo_rock-scaled.png","width":2560,"height":554,"caption":"Rock &amp; Click"},"image":{"@id":"https:\/\/rockandclick.com\/en\/#\/schema\/logo\/image\/"}}]}},"_links":{"self":[{"href":"https:\/\/rockandclick.com\/en\/wp-json\/wp\/v2\/pages\/1246","targetHints":{"allow":["GET"]}}],"collection":[{"href":"https:\/\/rockandclick.com\/en\/wp-json\/wp\/v2\/pages"}],"about":[{"href":"https:\/\/rockandclick.com\/en\/wp-json\/wp\/v2\/types\/page"}],"author":[{"embeddable":true,"href":"https:\/\/rockandclick.com\/en\/wp-json\/wp\/v2\/users\/1"}],"replies":[{"embeddable":true,"href":"https:\/\/rockandclick.com\/en\/wp-json\/wp\/v2\/comments?post=1246"}],"version-history":[{"count":1,"href":"https:\/\/rockandclick.com\/en\/wp-json\/wp\/v2\/pages\/1246\/revisions"}],"predecessor-version":[{"id":1247,"href":"https:\/\/rockandclick.com\/en\/wp-json\/wp\/v2\/pages\/1246\/revisions\/1247"}],"wp:attachment":[{"href":"https:\/\/rockandclick.com\/en\/wp-json\/wp\/v2\/media?parent=1246"}],"curies":[{"name":"wp","href":"https:\/\/api.w.org\/{rel}","templated":true}]}}